{"id":12216,"date":"2023-03-09T14:49:58","date_gmt":"2023-03-09T13:49:58","guid":{"rendered":"https:\/\/artfairsservice.kondrats.dev\/frontpage\/"},"modified":"2023-06-27T17:09:43","modified_gmt":"2023-06-27T16:09:43","slug":"frontpage","status":"publish","type":"page","link":"https:\/\/artfairsservice.kondrats.dev\/da\/","title":{"rendered":"About"},"content":{"rendered":"","protected":false},"excerpt":{"rendered":"","protected":false},"author":1,"featured_media":0,"parent":0,"menu_order":0,"comment_status":"closed","ping_status":"closed","template":"frontpage.php","meta":{"inline_featured_image":false,"footnotes":""},"class_list":["post-12216","page","type-page","status-publish","hentry"],"acf":{"title_services":"Komplet pakke til internationale kunstmesser","description_services":"<p>Vi s\u00e6tter en \u00e6re i at tilbyde tjenester, der er skr\u00e6ddersyet specifikt til kunstmesser. Det g\u00e6lder alt lige fra logistik og opbygning af kunstv\u00e6gge til professionel belysning og digitale l\u00f8sninger. Vi tilbyder l\u00f8sninger over hele verden og er ivrige efter at dele vores mange \u00e5rs erfaring med at betjene fagfolk inden for kunst. Vi \u00f8nsker samtidig at fremme den personlige relation til vores kunder \u2013 alt sammen med det m\u00e5l at give dig l\u00f8sninger, der er skr\u00e6ddersyet specifikt til dine behov.<\/p>\n","title_trusted":"Anbefales af","description_trusted":"<p>Tilmeld dig listen over kunstmesser, der kan anbefale vores tjenester over hele verden<\/p>\n","title_about_us":"Hvad definerer os?","about_us_blocks":[{"title":"Hurtig v\u00e6ginstallation","description":"<p>Vores unikke, hurtigmonterede v\u00e6gpanelsystem muligg\u00f8r ikke bare hurtig installation og nedtagning, det bidrager ogs\u00e5 til at reducere vores CO2-aftryk, og dermed ogs\u00e5 til en mere b\u00e6redygtig fremtid.<\/p>\n"},{"title":"P\u00e5lidelige resultater","description":"<p>Vi st\u00f8tter dig gennem alle faser med vores vejledning, erfaring og ekspertise. Vi sigter efter ikke alene at opfylde dine forventninger, men ogs\u00e5 at overg\u00e5 dem!<\/p>\n"},{"title":"Bred vifte af yderligere tjenester","description":"<p>Vores l\u00f8sninger er baseret p\u00e5 en dyb forst\u00e5else af kunstbranchen og en h\u00f8j grad af professionalisme, der sikrer, at vi kan opfylde dine unikke behov og forventninger.<\/p>\n"},{"title":"Digitale l\u00f8sninger","description":"<p>Vi arbejder altid p\u00e5 at levere de bedste innovative l\u00f8sninger til dig. Efter mange \u00e5rs erfaring med at servicere kunstmesser p\u00e5 stedet, har vi udviklet  <a href=\"http:\/\/business.follow.art\/\" target=\"_blank\" rel=\"noopener\">follow.art<\/a>: en digital l\u00f8sningsplatform, der er designet til at automatisere og underst\u00f8tte din virksomhed.<\/p>\n"}],"customers":[{"logo":"https:\/\/artfairsservice.kondrats.dev\/wp-content\/uploads\/2023\/05\/9.png","title":"Art Expo Algarve","url":"https:\/\/www.artexpoalgarve.com\/"},{"logo":"https:\/\/artfairsservice.kondrats.dev\/wp-content\/uploads\/2023\/05\/8.png","title":"ARTIST Madrid","url":"https:\/\/artistmadrid.com\/"},{"logo":"https:\/\/artfairsservice.kondrats.dev\/wp-content\/uploads\/2023\/05\/10.png","title":"TOAF Old Truman Brewery","url":"https:\/\/www.theotherartfair.com\/site"},{"logo":"https:\/\/artfairsservice.kondrats.dev\/wp-content\/uploads\/2023\/05\/12.png","title":"COLLECTIBLE","url":"https:\/\/collectible.design\/"},{"logo":"https:\/\/artfairsservice.kondrats.dev\/wp-content\/uploads\/2023\/05\/11.png","title":"ARTMUC","url":"https:\/\/www.artmuc.info\/"},{"logo":"https:\/\/artfairsservice.kondrats.dev\/wp-content\/uploads\/2023\/05\/13.png","title":"Discovery Art Fair","url":"https:\/\/discoveryartfair.com\/fairs\/koeln\/"},{"logo":"https:\/\/artfairsservice.kondrats.dev\/wp-content\/uploads\/2023\/05\/16.png","title":"Paper Positions Berlin","url":"https:\/\/www.paperpositions.com\/en\/berlin\/"},{"logo":"https:\/\/artfairsservice.kondrats.dev\/wp-content\/uploads\/2023\/05\/14.png","title":"STROKE Art Fair","url":"https:\/\/www.stroke-artfair.com\/"},{"logo":"https:\/\/artfairsservice.kondrats.dev\/wp-content\/uploads\/2023\/05\/15.png","title":"MoBU Bucharest","url":"https:\/\/mobu.art\/"},{"logo":"https:\/\/artfairsservice.kondrats.dev\/wp-content\/uploads\/2023\/05\/17.png","title":"This Art Fair","url":"https:\/\/thisartfair.com\/"},{"logo":"https:\/\/artfairsservice.kondrats.dev\/wp-content\/uploads\/2023\/05\/18.png","title":"Photo Basel","url":"https:\/\/www.photo-basel.com\/welcome"},{"logo":"https:\/\/artfairsservice.kondrats.dev\/wp-content\/uploads\/2023\/05\/2.png","title":"VOLTA Basel","url":"https:\/\/www.voltaartfairs.com\/basel"},{"logo":"https:\/\/artfairsservice.kondrats.dev\/wp-content\/uploads\/2023\/05\/5.png","title":"Enter Art Fair","url":"https:\/\/www.enterartfair.com\/"},{"logo":"https:\/\/artfairsservice.kondrats.dev\/wp-content\/uploads\/2023\/05\/21.png","title":"POSITIONS Berlin","url":"http:\/\/positions.de\/start.html"},{"logo":"https:\/\/artfairsservice.kondrats.dev\/wp-content\/uploads\/2023\/05\/8.png","title":"ARTIST Madrid","url":"https:\/\/www.artist360madrid.com\/"},{"logo":"https:\/\/artfairsservice.kondrats.dev\/wp-content\/uploads\/2023\/05\/7.png","title":"INCorporating Art Fair","url":"https:\/\/www.inc-artfair.info\/"},{"logo":"https:\/\/artfairsservice.kondrats.dev\/wp-content\/uploads\/2023\/05\/23.png","title":"Haute Photographie","url":"https:\/\/www.haute-photographie.com\/"},{"logo":"https:\/\/artfairsservice.kondrats.dev\/wp-content\/uploads\/2023\/05\/24.png","title":"Art Salon Zurich","url":"https:\/\/www.artsalonzurich.com\/welcome"},{"logo":"https:\/\/artfairsservice.kondrats.dev\/wp-content\/uploads\/2023\/05\/25.png","title":"Art on Paper","url":"http:\/\/www.artonpaper.be\/"},{"logo":"https:\/\/artfairsservice.kondrats.dev\/wp-content\/uploads\/2023\/05\/19.png","title":"SupermArt","url":"https:\/\/www.kunstsupermart.de\/"},{"logo":"https:\/\/artfairsservice.kondrats.dev\/wp-content\/uploads\/2023\/05\/3.png","title":"ART EXPO Ljubljana","url":"https:\/\/aamicorporation.com\/art-expo-ljubljana\/"},{"logo":"https:\/\/artfairsservice.kondrats.dev\/wp-content\/uploads\/2023\/05\/22.png","title":"TOAF Old Truman Brewery","url":"https:\/\/www.trumanbrewery.com"},{"logo":"https:\/\/artfairsservice.kondrats.dev\/wp-content\/uploads\/2023\/05\/4.png","title":"ART INTERNATIONAL ZURICH","url":"https:\/\/art-zurich.com\/"},{"logo":"https:\/\/artfairsservice.kondrats.dev\/wp-content\/uploads\/2023\/05\/6.png","title":"Nationalstore","url":"https:\/\/nationalstore.be\/"},{"logo":"https:\/\/artfairsservice.kondrats.dev\/wp-content\/uploads\/2023\/05\/20.png","title":"Art Innsbruck","url":"https:\/\/www.artfairmag.com\/art-innsbruck\/"}],"video_mp4":"https:\/\/artfairsservice.kondrats.dev\/wp-content\/uploads\/2023\/03\/2022-Artfair-CPH-h264-4k.mp4"},"_links":{"self":[{"href":"https:\/\/artfairsservice.kondrats.dev\/da\/wp-json\/wp\/v2\/pages\/12216","targetHints":{"allow":["GET"]}}],"collection":[{"href":"https:\/\/artfairsservice.kondrats.dev\/da\/wp-json\/wp\/v2\/pages"}],"about":[{"href":"https:\/\/artfairsservice.kondrats.dev\/da\/wp-json\/wp\/v2\/types\/page"}],"author":[{"embeddable":true,"href":"https:\/\/artfairsservice.kondrats.dev\/da\/wp-json\/wp\/v2\/users\/1"}],"replies":[{"embeddable":true,"href":"https:\/\/artfairsservice.kondrats.dev\/da\/wp-json\/wp\/v2\/comments?post=12216"}],"version-history":[{"count":3,"href":"https:\/\/artfairsservice.kondrats.dev\/da\/wp-json\/wp\/v2\/pages\/12216\/revisions"}],"predecessor-version":[{"id":12321,"href":"https:\/\/artfairsservice.kondrats.dev\/da\/wp-json\/wp\/v2\/pages\/12216\/revisions\/12321"}],"wp:attachment":[{"href":"https:\/\/artfairsservice.kondrats.dev\/da\/wp-json\/wp\/v2\/media?parent=12216"}],"curies":[{"name":"wp","href":"https:\/\/api.w.org\/{rel}","templated":true}]}}