{"id":12331,"date":"2023-03-09T17:48:00","date_gmt":"2023-03-09T16:48:00","guid":{"rendered":"https:\/\/artfairsservice.kondrats.dev\/?page_id=12331"},"modified":"2023-06-27T13:12:51","modified_gmt":"2023-06-27T12:12:51","slug":"anbefalinger","status":"publish","type":"page","link":"https:\/\/artfairsservice.kondrats.dev\/da\/anbefalinger\/","title":{"rendered":"Testimonials"},"content":{"rendered":"","protected":false},"excerpt":{"rendered":"","protected":false},"author":2,"featured_media":0,"parent":0,"menu_order":0,"comment_status":"closed","ping_status":"closed","template":"testimonials.php","meta":{"inline_featured_image":false,"footnotes":""},"class_list":["post-12331","page","type-page","status-publish","hentry"],"acf":{"title":"Anbefalet af de bedste","description":"<p>Vi er virkelig stolte af de langvarige partnerskaber, vi har opbygget gennem \u00e5rene. Vores team er dedikeret til at levere alt, hvad du beh\u00f8ver for at skabe et mindev\u00e6rdigt og succesfuldt arrangement, der overg\u00e5r alle forventninger. Tag ikke kun vores ord for det, men kig p\u00e5 hvad vores kunder har at sige!<\/p>\n","gallery":false},"_links":{"self":[{"href":"https:\/\/artfairsservice.kondrats.dev\/da\/wp-json\/wp\/v2\/pages\/12331","targetHints":{"allow":["GET"]}}],"collection":[{"href":"https:\/\/artfairsservice.kondrats.dev\/da\/wp-json\/wp\/v2\/pages"}],"about":[{"href":"https:\/\/artfairsservice.kondrats.dev\/da\/wp-json\/wp\/v2\/types\/page"}],"author":[{"embeddable":true,"href":"https:\/\/artfairsservice.kondrats.dev\/da\/wp-json\/wp\/v2\/users\/2"}],"replies":[{"embeddable":true,"href":"https:\/\/artfairsservice.kondrats.dev\/da\/wp-json\/wp\/v2\/comments?post=12331"}],"version-history":[{"count":3,"href":"https:\/\/artfairsservice.kondrats.dev\/da\/wp-json\/wp\/v2\/pages\/12331\/revisions"}],"predecessor-version":[{"id":12334,"href":"https:\/\/artfairsservice.kondrats.dev\/da\/wp-json\/wp\/v2\/pages\/12331\/revisions\/12334"}],"wp:attachment":[{"href":"https:\/\/artfairsservice.kondrats.dev\/da\/wp-json\/wp\/v2\/media?parent=12331"}],"curies":[{"name":"wp","href":"https:\/\/api.w.org\/{rel}","templated":true}]}}