{"id":12348,"date":"2023-03-09T17:48:00","date_gmt":"2023-03-09T16:48:00","guid":{"rendered":"https:\/\/artfairsservice.kondrats.dev\/?page_id=12348"},"modified":"2023-06-27T14:33:38","modified_gmt":"2023-06-27T13:33:38","slug":"kontaktoplysninger","status":"publish","type":"page","link":"https:\/\/artfairsservice.kondrats.dev\/da\/kontaktoplysninger\/","title":{"rendered":"Kontaktoplysninger"},"content":{"rendered":"","protected":false},"excerpt":{"rendered":"","protected":false},"author":1,"featured_media":0,"parent":0,"menu_order":0,"comment_status":"closed","ping_status":"closed","template":"contact.php","meta":{"inline_featured_image":false,"footnotes":""},"class_list":["post-12348","page","type-page","status-publish","hentry"],"acf":{"title":"Kontakt os, hvis du \u00f8nsker at g\u00f8re dit n\u00e6ste arrangement uforglemmeligt.","description":"","contacts":[{"title":"Opbygning af messer","contacts":[{"name":"Kaspars Auzelis","e-mail":"kaspars@artfairsservice.com","phone":"+371 26454840"}]},{"title":"Digitale l\u00f8sninger","contacts":[{"name":"Madara Enzele","e-mail":"madara@follow.art","phone":"+43720881417"}]}],"details":"<h3>Virksomhedsoplysninger<\/h3>\n<p>Art Fairs Service Limited<br \/>\nMomsnummer: LV40103755624<\/p>\n<p>Bikernieku street 22,<br \/>\nRiga, LV-1006<br \/>\nLatvia<\/p>\n<p>E-mail: <a href=\"mailto:info@artfairsservice.com\">info@artfairsservice.com<\/a><br \/>\nTelefonnummer: <a href=\"tel:0037167554185\">+371 67554185<\/a><\/p>\n","form_description":"<p>Kan du ikke tale med os lige nu? Udfyld formularen, s\u00e5 kontakter vi dig snarest.<\/p>\n"},"_links":{"self":[{"href":"https:\/\/artfairsservice.kondrats.dev\/da\/wp-json\/wp\/v2\/pages\/12348","targetHints":{"allow":["GET"]}}],"collection":[{"href":"https:\/\/artfairsservice.kondrats.dev\/da\/wp-json\/wp\/v2\/pages"}],"about":[{"href":"https:\/\/artfairsservice.kondrats.dev\/da\/wp-json\/wp\/v2\/types\/page"}],"author":[{"embeddable":true,"href":"https:\/\/artfairsservice.kondrats.dev\/da\/wp-json\/wp\/v2\/users\/1"}],"replies":[{"embeddable":true,"href":"https:\/\/artfairsservice.kondrats.dev\/da\/wp-json\/wp\/v2\/comments?post=12348"}],"version-history":[{"count":4,"href":"https:\/\/artfairsservice.kondrats.dev\/da\/wp-json\/wp\/v2\/pages\/12348\/revisions"}],"predecessor-version":[{"id":12352,"href":"https:\/\/artfairsservice.kondrats.dev\/da\/wp-json\/wp\/v2\/pages\/12348\/revisions\/12352"}],"wp:attachment":[{"href":"https:\/\/artfairsservice.kondrats.dev\/da\/wp-json\/wp\/v2\/media?parent=12348"}],"curies":[{"name":"wp","href":"https:\/\/api.w.org\/{rel}","templated":true}]}}