{"id":12219,"date":"2023-03-09T14:49:58","date_gmt":"2023-03-09T13:49:58","guid":{"rendered":"https:\/\/artfairsservice.kondrats.dev\/frontpage\/"},"modified":"2023-06-27T14:52:24","modified_gmt":"2023-06-27T13:52:24","slug":"frontpage","status":"publish","type":"page","link":"https:\/\/artfairsservice.kondrats.dev\/de\/","title":{"rendered":"\u00dcber"},"content":{"rendered":"","protected":false},"excerpt":{"rendered":"","protected":false},"author":1,"featured_media":0,"parent":0,"menu_order":0,"comment_status":"closed","ping_status":"closed","template":"frontpage.php","meta":{"inline_featured_image":false,"footnotes":""},"class_list":["post-12219","page","type-page","status-publish","hentry"],"acf":{"title_services":"Komplettservice f\u00fcr internationale Kunstmessen","description_services":"<p>Von der Logistik und dem Aufbau von Kunstw\u00e4nden bis hin zu professioneller Beleuchtung und digitalen L\u00f6sungen \u2013 wir sind stolz darauf, speziell auf Kunstmessen zugeschnittene Dienstleistungen anzubieten. Wir sind weltweit t\u00e4tig und freuen uns darauf, unsere jahrelange Erfahrung mit den Profis auf dem Kunstmarktprofis zu teilen und gleichzeitig pers\u00f6nliche Beziehungen zu unseren Kunden zu pflegen \u2013 alles mit dem Ziel, Ihnen L\u00f6sungen zu bieten, die speziell auf Ihre Bed\u00fcrfnisse zugeschnitten sind.<\/p>\n","title_trusted":"Trusted by","description_trusted":"<p>Werden Sie ein Teil der Kunstmessen, die auf der ganzen Welt unseren Diensten vertrauen<\/p>\n","title_about_us":"Was macht uns aus?","about_us_blocks":[{"title":"Schnelle Wandmontage","description":"<p>Unser einzigartiges, schnell montierbares Wandpaneelsystem erm\u00f6glicht nicht nur eine schnelle Installation und einen schnellen Abbau, sondern tr\u00e4gt auch dazu bei, unseren CO2-Fu\u00dfabdruck zu reduzieren und damit zu einer nachhaltigeren Zukunft beizutragen.<\/p>\n"},{"title":"Zuverl\u00e4ssige Ergebnisse","description":"<p>Mit unserer Beratung, Erfahrung und Expertise unterst\u00fctzen wir Sie bei jedem Schritt. Unser Ziel ist es, Ihre Erwartungen nicht nur zu erf\u00fcllen, sondern auch zu \u00fcbertreffen!<\/p>\n"},{"title":"Breites Angebot an zus\u00e4tzlichen Leistungen","description":"<p>Unsere L\u00f6sungen basieren auf einem tiefgreifenden Verst\u00e4ndnis der Kunstindustrie und einem hohen Ma\u00df an Professionalit\u00e4t, was sicherstellt, dass wir Ihre einzigartigen Bed\u00fcrfnisse und Erwartungen erf\u00fcllen.<\/p>\n"},{"title":"Digitale L\u00f6sungen","description":"<p>Wir arbeiten st\u00e4ndig daran, Ihnen das Beste an Innovationen zu liefern. Nach jahrelanger Erfahrung in der Betreuung von Kunstmessen vor Ort haben wir <a href=\"http:\/\/business.follow.art\/\" target=\"_blank\" rel=\"noopener\">follow.art<\/a> entwickelt: eine digitale L\u00f6sungsplattform, die Ihr Gesch\u00e4ft automatisiert und unterst\u00fctzt.<\/p>\n"}],"video_mp4":"https:\/\/artfairsservice.kondrats.dev\/wp-content\/uploads\/2023\/03\/2022-Artfair-CPH-h264-4k.mp4","customers":[{"logo":"https:\/\/artfairsservice.kondrats.dev\/wp-content\/uploads\/2023\/05\/9.png","title":"Art Expo Algarve","url":"https:\/\/www.artexpoalgarve.com\/"},{"logo":"https:\/\/artfairsservice.kondrats.dev\/wp-content\/uploads\/2023\/05\/8.png","title":"ARTIST Madrid","url":"https:\/\/artistmadrid.com\/"},{"logo":"https:\/\/artfairsservice.kondrats.dev\/wp-content\/uploads\/2023\/05\/10.png","title":"TOAF Old Truman Brewery","url":"https:\/\/www.theotherartfair.com\/site"},{"logo":"https:\/\/artfairsservice.kondrats.dev\/wp-content\/uploads\/2023\/05\/12.png","title":"COLLECTIBLE","url":"https:\/\/collectible.design\/"},{"logo":"https:\/\/artfairsservice.kondrats.dev\/wp-content\/uploads\/2023\/05\/11.png","title":"ARTMUC","url":"https:\/\/www.artmuc.info\/"},{"logo":"https:\/\/artfairsservice.kondrats.dev\/wp-content\/uploads\/2023\/05\/13.png","title":"Discovery Art Fair","url":"https:\/\/discoveryartfair.com\/fairs\/koeln\/"},{"logo":"https:\/\/artfairsservice.kondrats.dev\/wp-content\/uploads\/2023\/05\/16.png","title":"Paper Positions Berlin","url":"https:\/\/www.paperpositions.com\/en\/berlin\/"},{"logo":"https:\/\/artfairsservice.kondrats.dev\/wp-content\/uploads\/2023\/05\/14.png","title":"STROKE Art Fair","url":"https:\/\/www.stroke-artfair.com\/"},{"logo":"https:\/\/artfairsservice.kondrats.dev\/wp-content\/uploads\/2023\/05\/15.png","title":"MoBU Bucharest","url":"https:\/\/mobu.art\/"},{"logo":"https:\/\/artfairsservice.kondrats.dev\/wp-content\/uploads\/2023\/05\/17.png","title":"This Art Fair","url":"https:\/\/thisartfair.com\/"},{"logo":"https:\/\/artfairsservice.kondrats.dev\/wp-content\/uploads\/2023\/05\/18.png","title":"Photo Basel","url":"https:\/\/www.photo-basel.com\/welcome"},{"logo":"https:\/\/artfairsservice.kondrats.dev\/wp-content\/uploads\/2023\/05\/2.png","title":"VOLTA Basel","url":"https:\/\/www.voltaartfairs.com\/basel"},{"logo":"https:\/\/artfairsservice.kondrats.dev\/wp-content\/uploads\/2023\/05\/5.png","title":"Enter Art Fair","url":"https:\/\/www.enterartfair.com\/"},{"logo":"https:\/\/artfairsservice.kondrats.dev\/wp-content\/uploads\/2023\/05\/21.png","title":"POSITIONS Berlin","url":"http:\/\/positions.de\/start.html"},{"logo":"https:\/\/artfairsservice.kondrats.dev\/wp-content\/uploads\/2023\/05\/8.png","title":"ARTIST Madrid","url":"https:\/\/www.artist360madrid.com\/"},{"logo":"https:\/\/artfairsservice.kondrats.dev\/wp-content\/uploads\/2023\/05\/7.png","title":"INCorporating Art Fair","url":"https:\/\/www.inc-artfair.info\/"},{"logo":"https:\/\/artfairsservice.kondrats.dev\/wp-content\/uploads\/2023\/05\/23.png","title":"Haute Photographie","url":"https:\/\/www.haute-photographie.com\/"},{"logo":"https:\/\/artfairsservice.kondrats.dev\/wp-content\/uploads\/2023\/05\/24.png","title":"Art Salon Zurich","url":"https:\/\/www.artsalonzurich.com\/welcome"},{"logo":"https:\/\/artfairsservice.kondrats.dev\/wp-content\/uploads\/2023\/05\/25.png","title":"Art on Paper","url":"http:\/\/www.artonpaper.be\/"},{"logo":"https:\/\/artfairsservice.kondrats.dev\/wp-content\/uploads\/2023\/05\/19.png","title":"SupermArt","url":"https:\/\/www.kunstsupermart.de\/"},{"logo":"https:\/\/artfairsservice.kondrats.dev\/wp-content\/uploads\/2023\/05\/3.png","title":"ART EXPO Ljubljana","url":"https:\/\/aamicorporation.com\/art-expo-ljubljana\/"},{"logo":"https:\/\/artfairsservice.kondrats.dev\/wp-content\/uploads\/2023\/05\/22.png","title":"TOAF Old Truman Brewery","url":"https:\/\/www.trumanbrewery.com"},{"logo":"https:\/\/artfairsservice.kondrats.dev\/wp-content\/uploads\/2023\/05\/4.png","title":"ART INTERNATIONAL ZURICH","url":"https:\/\/art-zurich.com\/"},{"logo":"https:\/\/artfairsservice.kondrats.dev\/wp-content\/uploads\/2023\/05\/6.png","title":"Nationalstore","url":"https:\/\/nationalstore.be\/"},{"logo":"https:\/\/artfairsservice.kondrats.dev\/wp-content\/uploads\/2023\/05\/20.png","title":"Art Innsbruck","url":"https:\/\/www.artfairmag.com\/art-innsbruck\/"}]},"_links":{"self":[{"href":"https:\/\/artfairsservice.kondrats.dev\/de\/wp-json\/wp\/v2\/pages\/12219","targetHints":{"allow":["GET"]}}],"collection":[{"href":"https:\/\/artfairsservice.kondrats.dev\/de\/wp-json\/wp\/v2\/pages"}],"about":[{"href":"https:\/\/artfairsservice.kondrats.dev\/de\/wp-json\/wp\/v2\/types\/page"}],"author":[{"embeddable":true,"href":"https:\/\/artfairsservice.kondrats.dev\/de\/wp-json\/wp\/v2\/users\/1"}],"replies":[{"embeddable":true,"href":"https:\/\/artfairsservice.kondrats.dev\/de\/wp-json\/wp\/v2\/comments?post=12219"}],"version-history":[{"count":4,"href":"https:\/\/artfairsservice.kondrats.dev\/de\/wp-json\/wp\/v2\/pages\/12219\/revisions"}],"predecessor-version":[{"id":12412,"href":"https:\/\/artfairsservice.kondrats.dev\/de\/wp-json\/wp\/v2\/pages\/12219\/revisions\/12412"}],"wp:attachment":[{"href":"https:\/\/artfairsservice.kondrats.dev\/de\/wp-json\/wp\/v2\/media?parent=12219"}],"curies":[{"name":"wp","href":"https:\/\/api.w.org\/{rel}","templated":true}]}}