{"id":12221,"date":"2023-03-09T14:49:58","date_gmt":"2023-03-09T13:49:58","guid":{"rendered":"https:\/\/artfairsservice.kondrats.dev\/frontpage\/"},"modified":"2023-06-27T15:26:05","modified_gmt":"2023-06-27T14:26:05","slug":"frontpage","status":"publish","type":"page","link":"https:\/\/artfairsservice.kondrats.dev\/es\/","title":{"rendered":"Acerca"},"content":{"rendered":"","protected":false},"excerpt":{"rendered":"","protected":false},"author":1,"featured_media":0,"parent":0,"menu_order":0,"comment_status":"closed","ping_status":"closed","template":"frontpage.php","meta":{"inline_featured_image":false,"footnotes":""},"class_list":["post-12221","page","type-page","status-publish","hentry"],"acf":{"title_services":"Servicio completo para ferias de arte internacionales","description_services":"<p>Desde la log\u00edstica y el montaje de paredes art\u00edsticas hasta la iluminaci\u00f3n profesional y las soluciones digitales, nos enorgullece ofrecer servicios adaptados espec\u00edficamente a las ferias de arte. Al operar a escala mundial, tenemos muchas ganas de compartir nuestros a\u00f1os de experiencia al servicio de los profesionales del mercado del arte, al tiempo que fomentamos las relaciones personales con nuestros clientes, todo ello con el objetivo de ofrecerle soluciones adaptadas espec\u00edficamente a sus necesidades.<\/p>\n","title_trusted":"Confianza","description_trusted":"<p>\u00danase a la lista de ferias de arte que conf\u00edan en nuestros servicios en todo el mundo<\/p>\n","title_about_us":"\u00bfQu\u00e9 nos define?","about_us_blocks":[{"title":"R\u00e1pida instalaci\u00f3n de paredes","description":"<p>Nuestro exclusivo sistema de paneles de pared de montaje r\u00e1pido no s\u00f3lo permite una r\u00e1pida instalaci\u00f3n y desmontaje, sino que tambi\u00e9n ayuda a reducir nuestra huella de carbono, contribuyendo a un futuro m\u00e1s sostenible.<\/p>\n"},{"title":"Resultados Confiables","description":"<p>Con nuestra orientaci\u00f3n, experiencia y conocimientos, le apoyaremos en cada paso. Nuestro objetivo no es s\u00f3lo cumplir sus expectativas, sino superarlas.<\/p>\n"},{"title":"Amplia gama de servicios adicionales","description":"<p>Nuestras soluciones se basan en un profundo conocimiento de la industria del arte y un alto nivel de profesionalidad, lo que garantiza que satisfacemos sus necesidades y expectativas particulares.<\/p>\n"},{"title":"Soluciones digitales","description":"<p>Siempre estamos trabajando para ofrecerle lo mejor en innovaciones. Tras a\u00f1os de experiencia prestando servicios a ferias de arte in situ, hemos desarrollado <a href=\"http:\/\/business.follow.art\/\" target=\"_blank\" rel=\"noopener\">follow.art<\/a>: una plataforma de soluciones digitales dise\u00f1ada para automatizar y apoyar su negocio.<\/p>\n"}],"video_mp4":"https:\/\/artfairsservice.kondrats.dev\/wp-content\/uploads\/2023\/03\/2022-Artfair-CPH-h264-4k.mp4","customers":[{"logo":"https:\/\/artfairsservice.kondrats.dev\/wp-content\/uploads\/2023\/05\/9.png","title":"Art Expo Algarve","url":"https:\/\/www.artexpoalgarve.com\/"},{"logo":"https:\/\/artfairsservice.kondrats.dev\/wp-content\/uploads\/2023\/05\/8.png","title":"ARTIST Madrid","url":"https:\/\/artistmadrid.com\/"},{"logo":"https:\/\/artfairsservice.kondrats.dev\/wp-content\/uploads\/2023\/05\/10.png","title":"TOAF Old Truman Brewery","url":"https:\/\/www.theotherartfair.com\/site"},{"logo":"https:\/\/artfairsservice.kondrats.dev\/wp-content\/uploads\/2023\/05\/12.png","title":"COLLECTIBLE","url":"https:\/\/collectible.design\/"},{"logo":"https:\/\/artfairsservice.kondrats.dev\/wp-content\/uploads\/2023\/05\/11.png","title":"ARTMUC","url":"https:\/\/www.artmuc.info\/"},{"logo":"https:\/\/artfairsservice.kondrats.dev\/wp-content\/uploads\/2023\/05\/13.png","title":"Discovery Art Fair","url":"https:\/\/discoveryartfair.com\/fairs\/koeln\/"},{"logo":"https:\/\/artfairsservice.kondrats.dev\/wp-content\/uploads\/2023\/05\/16.png","title":"Paper Positions Berlin","url":"https:\/\/www.paperpositions.com\/en\/berlin\/"},{"logo":"https:\/\/artfairsservice.kondrats.dev\/wp-content\/uploads\/2023\/05\/14.png","title":"STROKE Art Fair","url":"https:\/\/www.stroke-artfair.com\/"},{"logo":"https:\/\/artfairsservice.kondrats.dev\/wp-content\/uploads\/2023\/05\/15.png","title":"MoBU Bucharest","url":"https:\/\/mobu.art\/"},{"logo":"https:\/\/artfairsservice.kondrats.dev\/wp-content\/uploads\/2023\/05\/17.png","title":"This Art Fair","url":"https:\/\/thisartfair.com\/"},{"logo":"https:\/\/artfairsservice.kondrats.dev\/wp-content\/uploads\/2023\/05\/18.png","title":"Photo Basel","url":"https:\/\/www.photo-basel.com\/welcome"},{"logo":"https:\/\/artfairsservice.kondrats.dev\/wp-content\/uploads\/2023\/05\/2.png","title":"VOLTA Basel","url":"https:\/\/www.voltaartfairs.com\/basel"},{"logo":"https:\/\/artfairsservice.kondrats.dev\/wp-content\/uploads\/2023\/05\/5.png","title":"Enter Art Fair","url":"https:\/\/www.enterartfair.com\/"},{"logo":"https:\/\/artfairsservice.kondrats.dev\/wp-content\/uploads\/2023\/05\/21.png","title":"POSITIONS Berlin","url":"http:\/\/positions.de\/start.html"},{"logo":"https:\/\/artfairsservice.kondrats.dev\/wp-content\/uploads\/2023\/05\/8.png","title":"ARTIST Madrid","url":"https:\/\/www.artist360madrid.com\/"},{"logo":"https:\/\/artfairsservice.kondrats.dev\/wp-content\/uploads\/2023\/05\/7.png","title":"INCorporating Art Fair","url":"https:\/\/www.inc-artfair.info\/"},{"logo":"https:\/\/artfairsservice.kondrats.dev\/wp-content\/uploads\/2023\/05\/23.png","title":"Haute Photographie","url":"https:\/\/www.haute-photographie.com\/"},{"logo":"https:\/\/artfairsservice.kondrats.dev\/wp-content\/uploads\/2023\/05\/24.png","title":"Art Salon Zurich","url":"https:\/\/www.artsalonzurich.com\/welcome"},{"logo":"https:\/\/artfairsservice.kondrats.dev\/wp-content\/uploads\/2023\/05\/25.png","title":"Art on Paper","url":"http:\/\/www.artonpaper.be\/"},{"logo":"https:\/\/artfairsservice.kondrats.dev\/wp-content\/uploads\/2023\/05\/19.png","title":"SupermArt","url":"https:\/\/www.kunstsupermart.de\/"},{"logo":"https:\/\/artfairsservice.kondrats.dev\/wp-content\/uploads\/2023\/05\/3.png","title":"ART EXPO Ljubljana","url":"https:\/\/aamicorporation.com\/art-expo-ljubljana\/"},{"logo":"https:\/\/artfairsservice.kondrats.dev\/wp-content\/uploads\/2023\/05\/22.png","title":"TOAF Old Truman Brewery","url":"https:\/\/www.trumanbrewery.com"},{"logo":"https:\/\/artfairsservice.kondrats.dev\/wp-content\/uploads\/2023\/05\/4.png","title":"ART INTERNATIONAL ZURICH","url":"https:\/\/art-zurich.com\/"},{"logo":"https:\/\/artfairsservice.kondrats.dev\/wp-content\/uploads\/2023\/05\/6.png","title":"Nationalstore","url":"https:\/\/nationalstore.be\/"},{"logo":"https:\/\/artfairsservice.kondrats.dev\/wp-content\/uploads\/2023\/05\/20.png","title":"Art Innsbruck","url":"https:\/\/www.artfairmag.com\/art-innsbruck\/"}]},"_links":{"self":[{"href":"https:\/\/artfairsservice.kondrats.dev\/es\/wp-json\/wp\/v2\/pages\/12221","targetHints":{"allow":["GET"]}}],"collection":[{"href":"https:\/\/artfairsservice.kondrats.dev\/es\/wp-json\/wp\/v2\/pages"}],"about":[{"href":"https:\/\/artfairsservice.kondrats.dev\/es\/wp-json\/wp\/v2\/types\/page"}],"author":[{"embeddable":true,"href":"https:\/\/artfairsservice.kondrats.dev\/es\/wp-json\/wp\/v2\/users\/1"}],"replies":[{"embeddable":true,"href":"https:\/\/artfairsservice.kondrats.dev\/es\/wp-json\/wp\/v2\/comments?post=12221"}],"version-history":[{"count":4,"href":"https:\/\/artfairsservice.kondrats.dev\/es\/wp-json\/wp\/v2\/pages\/12221\/revisions"}],"predecessor-version":[{"id":12460,"href":"https:\/\/artfairsservice.kondrats.dev\/es\/wp-json\/wp\/v2\/pages\/12221\/revisions\/12460"}],"wp:attachment":[{"href":"https:\/\/artfairsservice.kondrats.dev\/es\/wp-json\/wp\/v2\/media?parent=12221"}],"curies":[{"name":"wp","href":"https:\/\/api.w.org\/{rel}","templated":true}]}}