{"id":12470,"date":"2023-03-09T17:48:00","date_gmt":"2023-03-09T16:48:00","guid":{"rendered":"https:\/\/artfairsservice.kondrats.dev\/contact-us\/"},"modified":"2023-06-27T15:30:57","modified_gmt":"2023-06-27T14:30:57","slug":"contactos","status":"publish","type":"page","link":"https:\/\/artfairsservice.kondrats.dev\/es\/contactos\/","title":{"rendered":"Contactos"},"content":{"rendered":"","protected":false},"excerpt":{"rendered":"","protected":false},"author":1,"featured_media":0,"parent":0,"menu_order":0,"comment_status":"closed","ping_status":"closed","template":"contact.php","meta":{"inline_featured_image":false,"footnotes":""},"class_list":["post-12470","page","type-page","status-publish","hentry"],"acf":{"title":"P\u00f3ngase en contacto con nosotros para que su pr\u00f3ximo evento sea inolvidable.","description":"","contacts":[{"title":"Ferias de la construcci\u00f3n","contacts":[{"name":"Kaspars Auzelis","e-mail":"kaspars@artfairsservice.com","phone":"+371 26454840"}]},{"title":"Soluciones digitales","contacts":[{"name":"Madara Enzele","e-mail":"madara@follow.art","phone":"+43720881417"}]}],"details":"<h3>Datos de la Empresa<\/h3>\n<p>Art Fairs Service Limited<br \/>\nN\u00famero de Identificaci\u00f3n Fiscal: LV40103755624<\/p>\n<p>Bikernieku street 22,<br \/>\nRiga, LV-1006<br \/>\nLatvia<\/p>\n<p>Correo electr\u00f3nico: <a href=\"mailto:info@artfairsservice.com\">info@artfairsservice.com<\/a><br \/>\nN\u00famero de tel\u00e9fono : <a href=\"tel:0037167554185\">+371 67554185<\/a><\/p>\n","form_description":"<p>\u00bfNo puede hablar ahora? Rellene el formulario y nos pondremos en contacto con usted.<\/p>\n"},"_links":{"self":[{"href":"https:\/\/artfairsservice.kondrats.dev\/es\/wp-json\/wp\/v2\/pages\/12470","targetHints":{"allow":["GET"]}}],"collection":[{"href":"https:\/\/artfairsservice.kondrats.dev\/es\/wp-json\/wp\/v2\/pages"}],"about":[{"href":"https:\/\/artfairsservice.kondrats.dev\/es\/wp-json\/wp\/v2\/types\/page"}],"author":[{"embeddable":true,"href":"https:\/\/artfairsservice.kondrats.dev\/es\/wp-json\/wp\/v2\/users\/1"}],"replies":[{"embeddable":true,"href":"https:\/\/artfairsservice.kondrats.dev\/es\/wp-json\/wp\/v2\/comments?post=12470"}],"version-history":[{"count":1,"href":"https:\/\/artfairsservice.kondrats.dev\/es\/wp-json\/wp\/v2\/pages\/12470\/revisions"}],"predecessor-version":[{"id":12471,"href":"https:\/\/artfairsservice.kondrats.dev\/es\/wp-json\/wp\/v2\/pages\/12470\/revisions\/12471"}],"wp:attachment":[{"href":"https:\/\/artfairsservice.kondrats.dev\/es\/wp-json\/wp\/v2\/media?parent=12470"}],"curies":[{"name":"wp","href":"https:\/\/api.w.org\/{rel}","templated":true}]}}