{"id":12218,"date":"2023-03-09T14:49:58","date_gmt":"2023-03-09T13:49:58","guid":{"rendered":"https:\/\/artfairsservice.kondrats.dev\/frontpage\/"},"modified":"2023-06-27T15:52:11","modified_gmt":"2023-06-27T14:52:11","slug":"frontpage","status":"publish","type":"page","link":"https:\/\/artfairsservice.kondrats.dev\/fr\/","title":{"rendered":"\u00c0 propos"},"content":{"rendered":"","protected":false},"excerpt":{"rendered":"","protected":false},"author":1,"featured_media":0,"parent":0,"menu_order":0,"comment_status":"closed","ping_status":"closed","template":"frontpage.php","meta":{"inline_featured_image":false,"footnotes":""},"class_list":["post-12218","page","type-page","status-publish","hentry"],"acf":{"title_services":"Un service complet pour les expositions d'art internationales","description_services":"<p>De la logistique et de la construction de murs d&rsquo;art \u00e0 l&rsquo;\u00e9clairage professionnel et aux solutions num\u00e9riques, nous sommes fiers d&rsquo;offrir des services sp\u00e9cialement con\u00e7us pour les expositions d&rsquo;art. Op\u00e9rant \u00e0 l&rsquo;\u00e9chelle mondiale, nous sommes impatients de partager nos ann\u00e9es d&rsquo;exp\u00e9rience au service des professionnels du march\u00e9 de l&rsquo;art, tout en favorisant des relations personnelles avec nos clients &#8211; le tout dans le but de vous fournir des solutions sp\u00e9cifiquement adapt\u00e9es \u00e0 vos besoins.<\/p>\n","title_trusted":"Approuv\u00e9 par","description_trusted":"<p>Rejoignez les expositions d&rsquo;art qui font confiance \u00e0 nos services partout dans le monde<\/p>\n","title_about_us":"Qu'est-ce qui nous d\u00e9finit ?","about_us_blocks":[{"title":"Une installation murale rapide","description":"<p>Notre syst\u00e8me unique de panneaux muraux \u00e0 montage rapide permet non seulement une installation et un d\u00e9montage rapides, mais contribue \u00e9galement \u00e0 r\u00e9duire notre empreinte carbone, pour un avenir plus durable.<\/p>\n"},{"title":"Des r\u00e9sultats fiables","description":"<p>Gr\u00e2ce \u00e0 nos conseils, notre exp\u00e9rience et notre expertise, nous vous soutiendrons \u00e0 chaque \u00e9tape<br \/>\nNous visons non seulement \u00e0 r\u00e9pondre \u00e0 vos attentes mais aussi \u00e0 les d\u00e9passer!<\/p>\n"},{"title":"Une large gamme de services suppl\u00e9mentaires","description":"<p>Nos solutions sont bas\u00e9es sur une compr\u00e9hension approfondie de l&rsquo;industrie de l&rsquo;art et un haut niveau de professionnalisme, ce qui vous garantit une r\u00e9ponse \u00e0 vos besoins et attentes uniques.<\/p>\n"},{"title":"Des solutions num\u00e9riques","description":"<p>Nous travaillons toujours pour vous offrir le meilleur en termes d&rsquo;innovations. Apr\u00e8s des ann\u00e9es d&rsquo;exp\u00e9rience dans le service des expositions d&rsquo;art sur site, nous avons d\u00e9velopp\u00e9 <a href=\"http:\/\/business.follow.art\/\" target=\"_blank\" rel=\"noopener\">follow.art<\/a> : une plate-forme de solutions num\u00e9riques con\u00e7ue pour automatiser et soutenir votre entreprise.<\/p>\n"}],"video_mp4":"https:\/\/artfairsservice.kondrats.dev\/wp-content\/uploads\/2023\/03\/2022-Artfair-CPH-h264-4k.mp4","customers":[{"logo":"https:\/\/artfairsservice.kondrats.dev\/wp-content\/uploads\/2023\/05\/9.png","title":"Art Expo Algarve","url":"https:\/\/www.artexpoalgarve.com\/"},{"logo":"https:\/\/artfairsservice.kondrats.dev\/wp-content\/uploads\/2023\/05\/8.png","title":"ARTIST Madrid","url":"https:\/\/artistmadrid.com\/"},{"logo":"https:\/\/artfairsservice.kondrats.dev\/wp-content\/uploads\/2023\/05\/10.png","title":"TOAF Old Truman Brewery","url":"https:\/\/www.theotherartfair.com\/site"},{"logo":"https:\/\/artfairsservice.kondrats.dev\/wp-content\/uploads\/2023\/05\/12.png","title":"COLLECTIBLE","url":"https:\/\/collectible.design\/"},{"logo":"https:\/\/artfairsservice.kondrats.dev\/wp-content\/uploads\/2023\/05\/11.png","title":"ARTMUC","url":"https:\/\/www.artmuc.info\/"},{"logo":"https:\/\/artfairsservice.kondrats.dev\/wp-content\/uploads\/2023\/05\/13.png","title":"Discovery Art Fair","url":"https:\/\/discoveryartfair.com\/fairs\/koeln\/"},{"logo":"https:\/\/artfairsservice.kondrats.dev\/wp-content\/uploads\/2023\/05\/16.png","title":"Paper Positions Berlin","url":"https:\/\/www.paperpositions.com\/en\/berlin\/"},{"logo":"https:\/\/artfairsservice.kondrats.dev\/wp-content\/uploads\/2023\/05\/14.png","title":"STROKE Art Fair","url":"https:\/\/www.stroke-artfair.com\/"},{"logo":"https:\/\/artfairsservice.kondrats.dev\/wp-content\/uploads\/2023\/05\/15.png","title":"MoBU Bucharest","url":"https:\/\/mobu.art\/"},{"logo":"https:\/\/artfairsservice.kondrats.dev\/wp-content\/uploads\/2023\/05\/17.png","title":"This Art Fair","url":"https:\/\/thisartfair.com\/"},{"logo":"https:\/\/artfairsservice.kondrats.dev\/wp-content\/uploads\/2023\/05\/18.png","title":"Photo Basel","url":"https:\/\/www.photo-basel.com\/welcome"},{"logo":"https:\/\/artfairsservice.kondrats.dev\/wp-content\/uploads\/2023\/05\/2.png","title":"VOLTA Basel","url":"https:\/\/www.voltaartfairs.com\/basel"},{"logo":"https:\/\/artfairsservice.kondrats.dev\/wp-content\/uploads\/2023\/05\/5.png","title":"Enter Art Fair","url":"https:\/\/www.enterartfair.com\/"},{"logo":"https:\/\/artfairsservice.kondrats.dev\/wp-content\/uploads\/2023\/05\/21.png","title":"POSITIONS Berlin","url":"http:\/\/positions.de\/start.html"},{"logo":"https:\/\/artfairsservice.kondrats.dev\/wp-content\/uploads\/2023\/05\/8.png","title":"ARTIST Madrid","url":"https:\/\/www.artist360madrid.com\/"},{"logo":"https:\/\/artfairsservice.kondrats.dev\/wp-content\/uploads\/2023\/05\/7.png","title":"INCorporating Art Fair","url":"https:\/\/www.inc-artfair.info\/"},{"logo":"https:\/\/artfairsservice.kondrats.dev\/wp-content\/uploads\/2023\/05\/23.png","title":"Haute Photographie","url":"https:\/\/www.haute-photographie.com\/"},{"logo":"https:\/\/artfairsservice.kondrats.dev\/wp-content\/uploads\/2023\/05\/24.png","title":"Art Salon Zurich","url":"https:\/\/www.artsalonzurich.com\/welcome"},{"logo":"https:\/\/artfairsservice.kondrats.dev\/wp-content\/uploads\/2023\/05\/25.png","title":"Art on Paper","url":"http:\/\/www.artonpaper.be\/"},{"logo":"https:\/\/artfairsservice.kondrats.dev\/wp-content\/uploads\/2023\/05\/19.png","title":"SupermArt","url":"https:\/\/www.kunstsupermart.de\/"},{"logo":"https:\/\/artfairsservice.kondrats.dev\/wp-content\/uploads\/2023\/05\/3.png","title":"ART EXPO Ljubljana","url":"https:\/\/aamicorporation.com\/art-expo-ljubljana\/"},{"logo":"https:\/\/artfairsservice.kondrats.dev\/wp-content\/uploads\/2023\/05\/22.png","title":"TOAF Old Truman Brewery","url":"https:\/\/www.trumanbrewery.com"},{"logo":"https:\/\/artfairsservice.kondrats.dev\/wp-content\/uploads\/2023\/05\/4.png","title":"ART INTERNATIONAL ZURICH","url":"https:\/\/art-zurich.com\/"},{"logo":"https:\/\/artfairsservice.kondrats.dev\/wp-content\/uploads\/2023\/05\/6.png","title":"Nationalstore","url":"https:\/\/nationalstore.be\/"},{"logo":"https:\/\/artfairsservice.kondrats.dev\/wp-content\/uploads\/2023\/05\/20.png","title":"Art Innsbruck","url":"https:\/\/www.artfairmag.com\/art-innsbruck\/"}]},"_links":{"self":[{"href":"https:\/\/artfairsservice.kondrats.dev\/fr\/wp-json\/wp\/v2\/pages\/12218","targetHints":{"allow":["GET"]}}],"collection":[{"href":"https:\/\/artfairsservice.kondrats.dev\/fr\/wp-json\/wp\/v2\/pages"}],"about":[{"href":"https:\/\/artfairsservice.kondrats.dev\/fr\/wp-json\/wp\/v2\/types\/page"}],"author":[{"embeddable":true,"href":"https:\/\/artfairsservice.kondrats.dev\/fr\/wp-json\/wp\/v2\/users\/1"}],"replies":[{"embeddable":true,"href":"https:\/\/artfairsservice.kondrats.dev\/fr\/wp-json\/wp\/v2\/comments?post=12218"}],"version-history":[{"count":4,"href":"https:\/\/artfairsservice.kondrats.dev\/fr\/wp-json\/wp\/v2\/pages\/12218\/revisions"}],"predecessor-version":[{"id":12492,"href":"https:\/\/artfairsservice.kondrats.dev\/fr\/wp-json\/wp\/v2\/pages\/12218\/revisions\/12492"}],"wp:attachment":[{"href":"https:\/\/artfairsservice.kondrats.dev\/fr\/wp-json\/wp\/v2\/media?parent=12218"}],"curies":[{"name":"wp","href":"https:\/\/api.w.org\/{rel}","templated":true}]}}