{"id":12493,"date":"2023-03-09T17:48:00","date_gmt":"2023-03-09T16:48:00","guid":{"rendered":"https:\/\/artfairsservice.kondrats.dev\/servizi\/"},"modified":"2023-06-27T15:52:37","modified_gmt":"2023-06-27T14:52:37","slug":"services","status":"publish","type":"page","link":"https:\/\/artfairsservice.kondrats.dev\/fr\/services\/","title":{"rendered":"Services"},"content":{"rendered":"","protected":false},"excerpt":{"rendered":"","protected":false},"author":1,"featured_media":0,"parent":0,"menu_order":0,"comment_status":"closed","ping_status":"closed","template":"services.php","meta":{"inline_featured_image":false,"footnotes":""},"class_list":["post-12493","page","type-page","status-publish","hentry"],"acf":{"title":"Tous les services n\u00e9cessaires \u00e0 l'organisation des expositions, salons et mus\u00e9es d'art","description":""},"_links":{"self":[{"href":"https:\/\/artfairsservice.kondrats.dev\/fr\/wp-json\/wp\/v2\/pages\/12493","targetHints":{"allow":["GET"]}}],"collection":[{"href":"https:\/\/artfairsservice.kondrats.dev\/fr\/wp-json\/wp\/v2\/pages"}],"about":[{"href":"https:\/\/artfairsservice.kondrats.dev\/fr\/wp-json\/wp\/v2\/types\/page"}],"author":[{"embeddable":true,"href":"https:\/\/artfairsservice.kondrats.dev\/fr\/wp-json\/wp\/v2\/users\/1"}],"replies":[{"embeddable":true,"href":"https:\/\/artfairsservice.kondrats.dev\/fr\/wp-json\/wp\/v2\/comments?post=12493"}],"version-history":[{"count":1,"href":"https:\/\/artfairsservice.kondrats.dev\/fr\/wp-json\/wp\/v2\/pages\/12493\/revisions"}],"predecessor-version":[{"id":12494,"href":"https:\/\/artfairsservice.kondrats.dev\/fr\/wp-json\/wp\/v2\/pages\/12493\/revisions\/12494"}],"wp:attachment":[{"href":"https:\/\/artfairsservice.kondrats.dev\/fr\/wp-json\/wp\/v2\/media?parent=12493"}],"curies":[{"name":"wp","href":"https:\/\/api.w.org\/{rel}","templated":true}]}}