{"id":12495,"date":"2023-03-09T17:48:00","date_gmt":"2023-03-09T16:48:00","guid":{"rendered":"https:\/\/artfairsservice.kondrats.dev\/testimonial\/"},"modified":"2023-06-27T15:53:25","modified_gmt":"2023-06-27T14:53:25","slug":"temoignages","status":"publish","type":"page","link":"https:\/\/artfairsservice.kondrats.dev\/fr\/temoignages\/","title":{"rendered":"T\u00e9moignages"},"content":{"rendered":"","protected":false},"excerpt":{"rendered":"","protected":false},"author":1,"featured_media":0,"parent":0,"menu_order":0,"comment_status":"closed","ping_status":"closed","template":"testimonials.php","meta":{"inline_featured_image":false,"footnotes":""},"class_list":["post-12495","page","type-page","status-publish","hentry"],"acf":{"title":"Reconnu par les meilleurs","description":"<p>Nous sommes vraiment fiers des partenariats durables que nous avons construits au fil des ans et notre \u00e9quipe se consacre \u00e0 fournir tout ce dont vous avez besoin pour cr\u00e9er un \u00e9v\u00e9nement m\u00e9morable et r\u00e9ussi qui d\u00e9passe les attentes. Mais ne vous contentez pas de nous croire sur parole, jetez un \u0153il \u00e0 ce que nos clients ont \u00e0 dire !<\/p>\n","city_country":"","name_surname":"","position":"","testimonial":"","gallery":false},"_links":{"self":[{"href":"https:\/\/artfairsservice.kondrats.dev\/fr\/wp-json\/wp\/v2\/pages\/12495","targetHints":{"allow":["GET"]}}],"collection":[{"href":"https:\/\/artfairsservice.kondrats.dev\/fr\/wp-json\/wp\/v2\/pages"}],"about":[{"href":"https:\/\/artfairsservice.kondrats.dev\/fr\/wp-json\/wp\/v2\/types\/page"}],"author":[{"embeddable":true,"href":"https:\/\/artfairsservice.kondrats.dev\/fr\/wp-json\/wp\/v2\/users\/1"}],"replies":[{"embeddable":true,"href":"https:\/\/artfairsservice.kondrats.dev\/fr\/wp-json\/wp\/v2\/comments?post=12495"}],"version-history":[{"count":1,"href":"https:\/\/artfairsservice.kondrats.dev\/fr\/wp-json\/wp\/v2\/pages\/12495\/revisions"}],"predecessor-version":[{"id":12497,"href":"https:\/\/artfairsservice.kondrats.dev\/fr\/wp-json\/wp\/v2\/pages\/12495\/revisions\/12497"}],"wp:attachment":[{"href":"https:\/\/artfairsservice.kondrats.dev\/fr\/wp-json\/wp\/v2\/media?parent=12495"}],"curies":[{"name":"wp","href":"https:\/\/api.w.org\/{rel}","templated":true}]}}