{"id":12504,"date":"2023-03-09T17:48:00","date_gmt":"2023-03-09T16:48:00","guid":{"rendered":"https:\/\/artfairsservice.kondrats.dev\/contact-us\/"},"modified":"2023-06-27T15:57:14","modified_gmt":"2023-06-27T14:57:14","slug":"contacts","status":"publish","type":"page","link":"https:\/\/artfairsservice.kondrats.dev\/fr\/contacts\/","title":{"rendered":"Contacts"},"content":{"rendered":"","protected":false},"excerpt":{"rendered":"","protected":false},"author":1,"featured_media":0,"parent":0,"menu_order":0,"comment_status":"closed","ping_status":"closed","template":"contact.php","meta":{"inline_featured_image":false,"footnotes":""},"class_list":["post-12504","page","type-page","status-publish","hentry"],"acf":{"title":"Contactez-nous pour rendre votre prochain \u00e9v\u00e9nement inoubliable.","description":"","contacts":[{"title":"Salons du b\u00e2timent","contacts":[{"name":"Kaspars Auzelis","e-mail":"kaspars@artfairsservice.com","phone":"+371 26454840"}]},{"title":"Des solutions num\u00e9riques","contacts":[{"name":"Madara Enzele","e-mail":"madara@follow.art","phone":"+43720881417"}]}],"details":"<h3>Renseignements concernant la soci\u00e9t\u00e9<\/h3>\n<p>Art Fairs Service Limited<br \/>\nNum\u00e9ro de TVA: LV40103755624<\/p>\n<p>Bikernieku street 22,<br \/>\nRiga, LV-1006<br \/>\nLatvia<\/p>\n<p>E-mail: <a href=\"mailto:info@artfairsservice.com\">info@artfairsservice.com<\/a><br \/>\nNum\u00e9ro de t\u00e9l\u00e9phone : <a href=\"tel:0037167554185\">+371 67554185<\/a><\/p>\n","form_description":"<p>Vous ne pouvez pas parler maintenant ? Remplissez le formulaire et nous vous r\u00e9pondrons imm\u00e9diatement.<\/p>\n"},"_links":{"self":[{"href":"https:\/\/artfairsservice.kondrats.dev\/fr\/wp-json\/wp\/v2\/pages\/12504","targetHints":{"allow":["GET"]}}],"collection":[{"href":"https:\/\/artfairsservice.kondrats.dev\/fr\/wp-json\/wp\/v2\/pages"}],"about":[{"href":"https:\/\/artfairsservice.kondrats.dev\/fr\/wp-json\/wp\/v2\/types\/page"}],"author":[{"embeddable":true,"href":"https:\/\/artfairsservice.kondrats.dev\/fr\/wp-json\/wp\/v2\/users\/1"}],"replies":[{"embeddable":true,"href":"https:\/\/artfairsservice.kondrats.dev\/fr\/wp-json\/wp\/v2\/comments?post=12504"}],"version-history":[{"count":1,"href":"https:\/\/artfairsservice.kondrats.dev\/fr\/wp-json\/wp\/v2\/pages\/12504\/revisions"}],"predecessor-version":[{"id":12505,"href":"https:\/\/artfairsservice.kondrats.dev\/fr\/wp-json\/wp\/v2\/pages\/12504\/revisions\/12505"}],"wp:attachment":[{"href":"https:\/\/artfairsservice.kondrats.dev\/fr\/wp-json\/wp\/v2\/media?parent=12504"}],"curies":[{"name":"wp","href":"https:\/\/api.w.org\/{rel}","templated":true}]}}